{"id":524,"date":"2019-06-18T07:46:28","date_gmt":"2019-06-18T07:46:28","guid":{"rendered":"https:\/\/checkandpack.nl\/blog\/?page_id=524\/"},"modified":"2019-06-18T07:46:28","modified_gmt":"2019-06-18T07:46:28","slug":"gesetzliche-anbieterkennung","status":"publish","type":"page","link":"https:\/\/checkandpack.com\/blog\/gesetzliche-anbieterkennung\/","title":{"rendered":"Gesetzliche Anbieterkennung"},"content":{"rendered":"<p>CheckandPack B.V.<br \/>\ndiese vertreten durch den Gesch\u00e4ftsf\u00fchrer Ardan Bousch\u00e9<br \/>\nMoskeeplein 75<br \/>\n3531BX Utrecht<br \/>\nNiederlande<br \/>\nTelefon: +31 (0)76-8200200<br \/>\nE-Mail: info@checkandpack.com<br \/>\nUSt-IdNr.: NL 823053556B01<br \/>\neingetragen im Handelsregister Kamer van Koophandel in Breda<br \/>\nHandelsregisternummer 20168776<\/p>\n<p>Wir sind Mitglied der Initiative &#8220;FairCommerce&#8221;.<br \/>\nN\u00e4here Informationen hierzu finden Sie unter www.fair-commerce.de.<\/p>\n<p><b>Rechtliche Hinweise zur Webseite <\/b><br \/>\nAlle Texte, Bilder und weiter hier ver\u00f6ffentlichten Informationen unterliegen dem Urheberrecht des Anbieters, soweit nicht Urheberrechte Dritter bestehen. In jedem Fall ist eine Vervielf\u00e4ltigung, Verbreitung oder \u00f6ffentliche Wiedergabe ausschlie\u00dflich im Falle einer widerruflichen und nicht \u00fcbertragbaren Zustimmung des Anbieters gestattet.<\/p>\n<p>F\u00fcr alle mittels Querverweis (Link) verbundenen Webinhalte \u00fcbernimmt der Anbieter keine Verantwortung, da es sich hierbei nicht um eigene Inhalte handelt. Die verlinkten Seiten wurden auf rechtswidrige Inhalte \u00fcberpr\u00fcft, zum Zeitpunkt der Verlinkung waren solche nicht erkennbar. Verantwortlich f\u00fcr den Inhalt der verlinkten Seiten ist deren Betreiber. Der Anbieter hat hierzu keine allgemeine \u00dcberwachungs- und Pr\u00fcfungspflicht. Bei Bekanntwerden einer Rechtsverletzung wird der entsprechende Link jedoch umgehend entfernt.<\/p>\n<p>&nbsp;<\/p>\n<h1><b>Datenschutzerkl\u00e4rung<\/b><\/h1>\n<p>Wir legen gr\u00f6\u00dften Wert auf den Schutz Ihrer Daten und die Wahrung Ihrer Privatsph\u00e4re. Nachstehend informieren wir Sie deshalb \u00fcber die Erhebung und Verwendung pers\u00f6nlicher Daten bei Nutzung unserer Webseite.<\/p>\n<p><b>Anonyme Datenerhebung<\/b><br \/>\nSie k\u00f6nnen unsere Webseiten besuchen, ohne Angaben zu Ihrer Person zu machen. Wir speichern in diesem Zusammenhang keinerlei pers\u00f6nliche Daten. Um unser Angebot zu verbessern, werten wir lediglich statistische Daten aus, die keinen R\u00fcckschluss auf Ihre Person erlauben.<\/p>\n<p>Erhebung und Verarbeitung bei Nutzung des Kontaktformulars<br \/>\nBei Nutzung des Kontaktformulars erheben wir personenbezogene Daten (Einzelangaben \u00fcber pers\u00f6nliche oder sachliche Verh\u00e4ltnisse einer bestimmten oder bestimmbaren nat\u00fcrlichen Person) nur in dem von Ihnen zur Verf\u00fcgung gestellten Umfang. Ihre E-Mail-Adresse nutzen wir nur zur Bearbeitung Ihrer Anfrage. Ihre Daten werden anschlie\u00dfend gel\u00f6scht, sofern Sie der weitergehenden Verarbeitung und Nutzung nicht zugestimmt haben.<\/p>\n<p><b>Datenerhebung bei Verfassung eines Kommentars<\/b><br \/>\nWir erheben personenbezogene Daten im Rahmen Ihrer Kommentierung zu einem Artikel oder Beitrag nur in dem Umfang, wie sie von Ihnen mitgeteilt werden.<br \/>\nBei Ver\u00f6ffentlichung Ihres Kommentars wird die von Ihnen angegebene E-Mail-Adresse nicht ver\u00f6ffentlicht, lediglich der von Ihnen mitgeteilte Name.<\/p>\n<p><b>Verwendung der E-Mail-Adresse f\u00fcr die Zusendung von Newslettern durch uns<\/b><br \/>\nWir nutzen Ihre E-Mail-Adresse unabh\u00e4ngig von der Bearbeitung Ihrer Anfragen ausschlie\u00dflich f\u00fcr eigene Werbezwecke zum Newsletterversand, sofern Sie dem ausdr\u00fccklich zugestimmt haben.<br \/>\nIhre diesbez\u00fcglich abzugebende Einwilligungserkl\u00e4rung lautet wie folgt:<\/p>\n<p>&#8220;Zudem m\u00f6chte ich gerne weitere auf meine Reise abgestimmte Informationen und Angebote von den <a style=\"color: #333;\" href=\"#\" data-toggle=\"modal\" data-target=\"#sponsors\">Sponsoren<\/a> von CheckandPack erhalten.&#8221;<\/p>\n<p>Sie k\u00f6nnen den Newsletter jederzeit unter Nutzung des entsprechenden Link im Newsletter oder durch Nachricht an uns abbestellen, die Kontaktdaten hierzu finden Sie in unserem Impressum.<br \/>\nIhre E-Mail-Adresse wird danach aus dem Verteiler gel\u00f6scht.<\/p>\n<p><b>Verwendung der E-Mail-Adresse f\u00fcr die Zusendung von Newslettern<\/b><br \/>\nSofern Sie dem ausdr\u00fccklich zugestimmt haben, geben wir Ihre E-Mail-Adresse an bestimmte Sponsoren weiter, die diese ausschlie\u00dflich f\u00fcr eigene Werbezwecke zum Newsletterversand nutzen.<br \/>\nIhre diesbez\u00fcglich abzugebende Einwilligungserkl\u00e4rung lautet wie folgt:<\/p>\n<p>&#8220;Zudem m\u00f6chte ich gerne weitere auf meine Reise abgestimmte Informationen und Angebote von den <a style=\"color: #333;\" href=\"#\" data-toggle=\"modal\" data-target=\"#sponsors\">Sponsoren<\/a> von CheckandPack erhalten.&#8221;<\/p>\n<p>Die jeweiligen Sponsoren, an die wir Ihre E-Mail-Adresse weitergeben, sind \u00fcber den Link \u201eSponsoren\u201c in Ihrer Einwilligungserkl\u00e4rung aufrufbar.<br \/>\nSie k\u00f6nnen den Newsletter des jeweiligen Sponsors jederzeit unter Nutzung des entsprechenden Link im Newsletter oder durch Nachricht an den Sponsor abbestellen. Ferner k\u00f6nnen Sie den\/die Newsletter jederzeit durch Nachricht an uns abbestellen, die Kontaktdaten hierzu finden Sie in unserem Impressum.<br \/>\nIhre E-Mail-Adresse wird nach der Abbestellung aus dem Newsletter-Verteiler gel\u00f6scht.<\/p>\n<p><b>Weitergabe personenbezogener Daten<\/b><br \/>\nEine Weitergabe Ihrer Daten an Dritte ohne Ihre ausdr\u00fcckliche Einwilligung erfolgt nicht.<\/p>\n<p><b>Cookies <\/b><br \/>\nUnsere Internetseiten verwenden an mehreren Stellen so genannte Cookies. Cookies sind kleine Textdateien, die auf Ihrem Rechner abgelegt werden und die Ihr Browser speichert. Sie dienen dazu, unser Angebot nutzerfreundlicher, effektiver und sicherer zu machen. Des Weiteren erm\u00f6glichen Cookies unseren Systemen, Ihren Browser zu erkennen und Ihnen Services anzubieten. Cookies enthalten keine personenbezogenen Daten.<\/p>\n<p><b>Verwendung der Remarketing- oder &#8220;\u00c4hnliche Zielgruppen&#8221;-Funktion der Google Inc.<\/b><br \/>\nDer Anbieter verwendet auf der Webseite die Remarketing- oder &#8220;\u00c4hnliche Zielgruppen&#8221;- Funktion der Google Inc. (\u201eGoogle\u201c). Mittels dieser Funktion kann der Anbieter die Besucher der Webseite zielgerichtet mit Werbung ansprechen, indem f\u00fcr Besucher der Webseite des Anbieters personalisierte, interessenbezogene Werbung-Anzeigen geschaltet werden, wenn sie andere Webseiten im Google Display-Netzwerk besuchen. Zur Durchf\u00fchrung der Analyse der Webseiten- Nutzung, welche die Grundlage f\u00fcr die Erstellung der interessenbezogenen Werbeanzeigen bildet, setzt Google sog. Cookies ein. Hierzu speichert Google eine kleine Datei mit einer Zahlenfolge in den Browsern der Besucher der Webseite. \u00dcber diese Zahl werden die Besuche der Webseite sowie anonymisierte Daten \u00fcber die Nutzung der Webseite erfasst. Es erfolgt keine Speicherung von personenbezogenen Daten der Besucher der Webseite. Besuchen Sie nachfolgend eine andere Webseite im Google Display-Netzwerk werden Ihnen Werbeeinblendungen angezeigt, die mit hoher Wahrscheinlichkeit zuvor aufgerufene Produkt- und Informationsbereiche ber\u00fccksichtigen.<br \/>\nSie k\u00f6nnen die Verwendung von Cookies durch Google dauerhaft deaktivieren, indem Sie dem nachfolgenden Link folgen und das dort bereitgestellte Plug-In herunterladen und installieren:<br \/>\n<a href=\"https:\/\/www.google.com\/settings\/ads\/plugin?hl=de\" target=\"new\" rel=\"noopener\">https:\/\/www.google.com\/settings\/ads\/plugin?hl=de<\/a><\/p>\n<p>Alternativ k\u00f6nnen Sie die Verwendung von Cookies durch Drittanbieter deaktivieren, indem sie die Deaktivierungsseite der Netzwerkwerbeinitiative (Network Advertising Initiative) unter <a href=\"http:\/\/www.networkadvertising.org\/choices\/\" target=\"new\" rel=\"noopener\">http:\/\/www.networkadvertising.org\/choices\/<\/a> aufrufen und die dort genannten weiterf\u00fchrenden Information zum Opt-Out umsetzen.<br \/>\nWeiterf\u00fchrende Informationen zu Google Remarketing sowie die Datenschutzerkl\u00e4rung von Google k\u00f6nnen Sie einsehen unter: <a href=\"http:\/\/www.google.com\/privacy\/ads\/\" target=\"new\" rel=\"noopener\">http:\/\/www.google.com\/privacy\/ads\/<\/a><\/p>\n<p><b>Verwendung von Google Adwords Conversion-Tracking<\/b><br \/>\nWir nutzen das Online-Werbeprogramm \u201eGoogle AdWords\u201c und im Rahmen von Google AdWords das Conversion-Tracking. Das Google Conversion Tracking ist ein Analysedienst der Google Inc. (1600 Amphitheatre Parkway, Mountain View, CA 94043, USA; \u201eGoogle\u201c).<br \/>\nWenn Sie auf eine von Google geschaltete Anzeige klicken, wird ein Cookie f\u00fcr das Conversion-Tracking auf Ihrem Rechner abgelegt. Diese Cookies haben eine begrenzte G\u00fcltigkeit, enthalten keine personenbezogenen Daten und dienen somit nicht der pers\u00f6nlichen Identifizierung.<br \/>\nWenn Sie bestimmte Internetseiten unserer Website besuchen und das Cookie noch nicht abgelaufen ist, k\u00f6nnen Google und wir erkennen, dass Sie auf die Anzeige geklickt haben und zu dieser Seite weitergeleitet wurden.<br \/>\nJeder Google AdWords-Kunde erh\u00e4lt ein anderes Cookie. Somit besteht keine M\u00f6glichkeit, dass Cookies \u00fcber die Websites von AdWords-Kunden nachverfolgt werden k\u00f6nnen.<br \/>\nDie Informationen, die mit Hilfe des Conversion-Cookie eingeholt werden, dienen dazu, Conversion-Statistiken f\u00fcr AdWords-Kunden zu erstellen, die sich f\u00fcr Conversion-Tracking entschieden haben. Hierbei erfahren die Kunden die Gesamtanzahl der Nutzer, die auf ihre Anzeige geklickt haben und zu einer mit einem Conversion-Tracking-Tag versehenen Seite weitergeleitet wurden. Sie erhalten jedoch keine Informationen, mit denen sich Nutzer pers\u00f6nlich identifizieren lassen.<br \/>\nWenn Sie nicht am Tracking teilnehmen m\u00f6chten, k\u00f6nnen Sie dieser Nutzung widersprechen, indem Sie die Installation der Cookies durch eine entsprechende Einstellung Ihrer Browser Software verhindern (Deaktivierungsm\u00f6glichkeit). Sie werden sodann nicht in die Conversion-Tracking Statistiken aufgenommen.<br \/>\nWeiterf\u00fchrende Informationen sowie die Datenschutzerkl\u00e4rung von Google finden Sie unter: <a href=\"https:\/\/www.google.de\/policies\/privacy\/\" target=\"new\" rel=\"noopener\">http:\/\/www.google.de\/policies\/privacy\/<\/a><\/p>\n<p><b>Nutzung von Google Analytics<\/b><br \/>\nDiese Website benutzt Google Analytics, einen Webanalysedienst der Google Inc. (\u201eGoogle\u201c). Google Analytics verwendet sog. \u201eCookies\u201c, Textdateien, die auf Ihrem Computer gespeichert werden und die eine Analyse der Benutzung der Website durch Sie erm\u00f6glichen. Die durch den Cookie erzeugten Informationen \u00fcber Ihre Benutzung dieser Website werden in der Regel an einen Server von Google in den USA \u00fcbertragen und dort gespeichert. Im Falle der Aktivierung der IP-Anonymisierung auf dieser Webseite, wird Ihre IP-Adresse von Google jedoch innerhalb von Mitgliedstaaten der Europ\u00e4ischen Union oder in anderen Vertragsstaaten des Abkommens \u00fcber den Europ\u00e4ischen Wirtschaftsraum zuvor gek\u00fcrzt. Nur in Ausnahmef\u00e4llen wird die volle IP-Adresse an einen Server von Google in den USA \u00fcbertragen und dort gek\u00fcrzt. Im Auftrag des Betreibers dieser Website wird Google diese Informationen benutzen, um Ihre Nutzung der Website auszuwerten, um Reports \u00fcber die Websiteaktivit\u00e4ten zusammenzustellen und um weitere mit der Websitenutzung und der Internetnutzung verbundene Dienstleistungen gegen\u00fcber dem Websitebetreiber zu erbringen. Die im Rahmen von Google Analytics von Ihrem Browser \u00fcbermittelte IP-Adresse wird nicht mit anderen Daten von Google zusammengef\u00fchrt. Sie k\u00f6nnen die Speicherung der Cookies durch eine entsprechende Einstellung Ihrer Browser-Software verhindern; wir weisen Sie jedoch darauf hin, dass Sie in diesem Fall gegebenenfalls nicht s\u00e4mtliche Funktionen dieser Website vollumf\u00e4nglich werden nutzen k\u00f6nnen. Sie k\u00f6nnen dar\u00fcber hinaus die Erfassung der durch das Cookie erzeugten und auf Ihre Nutzung der Website bezogenen Daten (inkl. Ihrer IP-Adresse) an Google sowie die Verarbeitung dieser Daten durch Google verhindern, indem sie das unter dem folgenden Link verf\u00fcgbare Browser-Plugin herunterladen und installieren <a href=\"http:\/\/tools.google.com\/dlpage\/gaoptout?hl=de\" target=\"new\" rel=\"noopener\">http:\/\/tools.google.com\/dlpage\/gaoptout?hl=de<\/a>.<\/p>\n<p><b>Verwendung von Social Plug-ins mittels \u201eShariff\u201c<\/b><br \/>\nDamit Sie die Kontrolle \u00fcber Ihre Daten behalten, werden auf diesen Internetseiten datenschutzsichere \u201eShariff&#8221;-Schaltfl\u00e4chen verwendet um die Sharing-Funktionen der Social Media-Dienste einzubinden. Ohne Ihre ausdr\u00fcckliche Zustimmung werden keine Verkn\u00fcpfungen zu den Servern der sozialen Netzwerke hergestellt und folglich keine Daten \u00fcbermittelt.<br \/>\n\u201eShariff\u201c ist eine Entwicklung der Spezialisten der Computerzeitschrift c\u2019t. Es erm\u00f6glicht mehr Privatsph\u00e4re im Netz und ersetzt die \u00fcblichen \u201cShare\u201d-Buttons der sozialen Netzwerke.<br \/>\nWenn Sie die Buttons anklicken erscheint ein Popup-Fenster, in dem Sie sich mit Ihren Daten beim jeweiligen Anbieter einloggen k\u00f6nnen. Erst nach diesem aktiven Login durch Sie wird eine direkte Verbindung zu den sozialen Netzwerken hergestellt.<br \/>\nDurch Ihr Login geben Sie Ihre Zustimmung zur \u00dcbertragung Ihrer Daten an den jeweiligen Social Media Anbieter. Hierbei werden u.a. sowohl Ihre IP-Adresse als auch die Information, welche unserer Internetseiten Sie besucht haben \u00fcbermittelt. Sollten Sie gleichzeitig mit einem oder mehrerer Ihrer sozialen Netzwerk Konten verbunden sein, werden die gesammelten Informationen auch Ihren entsprechenden Profilen zugeordnet. Diese Zuordnung k\u00f6nnen Sie nur dadurch verhindern, dass Sie sich vor dem Besuch unserer Website und vor Aktivierung der Schaltfl\u00e4chen aus Ihren Social Media Konten ausloggen.<\/p>\n<p><b>Auskunft, Berichtigung, Sperrung und L\u00f6schung von Daten<\/b><br \/>\nSie haben jederzeit das Recht auf unentgeltliche Auskunft \u00fcber Ihre gespeicherten Daten sowie das Recht auf Berichtigung, L\u00f6schung bzw. Sperrung. Kontaktieren Sie uns auf Wunsch. Die Kontaktdaten finden Sie in unserem Impressum.<\/p>\n","protected":false},"excerpt":{"rendered":"<p>CheckandPack B.V. diese vertreten durch den Gesch\u00e4ftsf\u00fchrer Ardan Bousch\u00e9 Moskeeplein 75 3531BX Utrecht Niederlande Telefon: +31 (0)76-8200200 E-Mail: info@checkandpack.com USt-IdNr.: NL 823053556B01 eingetragen im Handelsregister Kamer van Koophandel in Breda Handelsregisternummer 20168776 Wir sind Mitglied der Initiative &#8220;FairCommerce&#8221;. N\u00e4here Informationen hierzu finden Sie unter www.fair-commerce.de. Rechtliche Hinweise zur Webseite Alle Texte, Bilder und weiter hier [&hellip;]<\/p>\n","protected":false},"author":1,"featured_media":376,"parent":0,"menu_order":0,"comment_status":"closed","ping_status":"closed","template":"","meta":[],"yoast_head":"<!-- This site is optimized with the Yoast SEO plugin v19.6.1 - https:\/\/yoast.com\/wordpress\/plugins\/seo\/ -->\n<title>Gesetzliche Anbieterkennung - CheckandPack.com<\/title>\n<meta name=\"description\" content=\"hier finden Sie alle gesetzlichen Informationen rund um das Thema Impressum und Die Gesetzliche Anbieterkennung Check and Pack Urlaubs Gepackliste\" \/>\n<meta name=\"robots\" content=\"index, follow, max-snippet:-1, max-image-preview:large, max-video-preview:-1\" \/>\n<link rel=\"canonical\" href=\"https:\/\/checkandpack.com\/blog\/gesetzliche-anbieterkennung\/\" \/>\n<meta property=\"og:locale\" content=\"en_US\" \/>\n<meta property=\"og:type\" content=\"article\" \/>\n<meta property=\"og:title\" content=\"Gesetzliche Anbieterkennung - CheckandPack.com\" \/>\n<meta property=\"og:description\" content=\"hier finden Sie alle gesetzlichen Informationen rund um das Thema Impressum und Die Gesetzliche Anbieterkennung Check and Pack Urlaubs Gepackliste\" \/>\n<meta property=\"og:url\" content=\"https:\/\/checkandpack.com\/blog\/gesetzliche-anbieterkennung\/\" \/>\n<meta property=\"og:site_name\" content=\"CheckandPack.com\" \/>\n<meta property=\"article:publisher\" content=\"https:\/\/www.facebook.com\/checkandpack\/\" \/>\n<meta property=\"og:image\" content=\"https:\/\/checkandpack.com\/blog\/wp-content\/uploads\/2018\/06\/Inpakken.v2.jpg\" \/>\n\t<meta property=\"og:image:width\" content=\"1058\" \/>\n\t<meta property=\"og:image:height\" content=\"360\" \/>\n\t<meta property=\"og:image:type\" content=\"image\/jpeg\" \/>\n<meta name=\"twitter:card\" content=\"summary_large_image\" \/>\n<meta name=\"twitter:site\" content=\"@checkandpack\" \/>\n<meta name=\"twitter:label1\" content=\"Est. reading time\" \/>\n\t<meta name=\"twitter:data1\" content=\"8 minutes\" \/>\n<script type=\"application\/ld+json\" class=\"yoast-schema-graph\">{\"@context\":\"https:\/\/schema.org\",\"@graph\":[{\"@type\":\"WebPage\",\"@id\":\"https:\/\/checkandpack.com\/blog\/gesetzliche-anbieterkennung\/\",\"url\":\"https:\/\/checkandpack.com\/blog\/gesetzliche-anbieterkennung\/\",\"name\":\"Gesetzliche Anbieterkennung - CheckandPack.com\",\"isPartOf\":{\"@id\":\"https:\/\/checkandpack.com\/blog\/#website\"},\"datePublished\":\"2019-06-18T07:46:28+00:00\",\"dateModified\":\"2019-06-18T07:46:28+00:00\",\"description\":\"hier finden Sie alle gesetzlichen Informationen rund um das Thema Impressum und Die Gesetzliche Anbieterkennung Check and Pack Urlaubs Gepackliste\",\"breadcrumb\":{\"@id\":\"https:\/\/checkandpack.com\/blog\/gesetzliche-anbieterkennung\/#breadcrumb\"},\"inLanguage\":\"en-US\",\"potentialAction\":[{\"@type\":\"ReadAction\",\"target\":[\"https:\/\/checkandpack.com\/blog\/gesetzliche-anbieterkennung\/\"]}]},{\"@type\":\"BreadcrumbList\",\"@id\":\"https:\/\/checkandpack.com\/blog\/gesetzliche-anbieterkennung\/#breadcrumb\",\"itemListElement\":[{\"@type\":\"ListItem\",\"position\":1,\"name\":\"Home\",\"item\":\"https:\/\/checkandpack.com\/blog\/\"},{\"@type\":\"ListItem\",\"position\":2,\"name\":\"Gesetzliche Anbieterkennung\"}]},{\"@type\":\"WebSite\",\"@id\":\"https:\/\/checkandpack.com\/blog\/#website\",\"url\":\"https:\/\/checkandpack.com\/blog\/\",\"name\":\"CheckandPack.com\",\"description\":\"We help you with the preparation of your trip or vacation. With a sublime travel packinglists and tons of additional information. In 3 steps the ultimate Travel Packinglist\",\"publisher\":{\"@id\":\"https:\/\/checkandpack.com\/blog\/#organization\"},\"potentialAction\":[{\"@type\":\"SearchAction\",\"target\":{\"@type\":\"EntryPoint\",\"urlTemplate\":\"https:\/\/checkandpack.com\/blog\/?s={search_term_string}\"},\"query-input\":\"required name=search_term_string\"}],\"inLanguage\":\"en-US\"},{\"@type\":\"Organization\",\"@id\":\"https:\/\/checkandpack.com\/blog\/#organization\",\"name\":\"CheckandPack B.V.\",\"url\":\"https:\/\/checkandpack.com\/blog\/\",\"sameAs\":[\"https:\/\/www.linkedin.com\/company\/checkandpack\/\",\"https:\/\/www.facebook.com\/checkandpack\/\",\"https:\/\/twitter.com\/checkandpack\"],\"logo\":{\"@type\":\"ImageObject\",\"inLanguage\":\"en-US\",\"@id\":\"https:\/\/checkandpack.com\/blog\/#\/schema\/logo\/image\/\",\"url\":\"https:\/\/checkandpack.nl\/wordpress\/wp-content\/uploads\/2018\/09\/Favicon-152x152-1.png\",\"contentUrl\":\"https:\/\/checkandpack.nl\/wordpress\/wp-content\/uploads\/2018\/09\/Favicon-152x152-1.png\",\"width\":152,\"height\":152,\"caption\":\"CheckandPack B.V.\"},\"image\":{\"@id\":\"https:\/\/checkandpack.com\/blog\/#\/schema\/logo\/image\/\"}}]}<\/script>\n<!-- \/ Yoast SEO plugin. -->","yoast_head_json":{"title":"Gesetzliche Anbieterkennung - CheckandPack.com","description":"hier finden Sie alle gesetzlichen Informationen rund um das Thema Impressum und Die Gesetzliche Anbieterkennung Check and Pack Urlaubs Gepackliste","robots":{"index":"index","follow":"follow","max-snippet":"max-snippet:-1","max-image-preview":"max-image-preview:large","max-video-preview":"max-video-preview:-1"},"canonical":"https:\/\/checkandpack.com\/blog\/gesetzliche-anbieterkennung\/","og_locale":"en_US","og_type":"article","og_title":"Gesetzliche Anbieterkennung - CheckandPack.com","og_description":"hier finden Sie alle gesetzlichen Informationen rund um das Thema Impressum und Die Gesetzliche Anbieterkennung Check and Pack Urlaubs Gepackliste","og_url":"https:\/\/checkandpack.com\/blog\/gesetzliche-anbieterkennung\/","og_site_name":"CheckandPack.com","article_publisher":"https:\/\/www.facebook.com\/checkandpack\/","og_image":[{"width":1058,"height":360,"url":"https:\/\/checkandpack.com\/blog\/wp-content\/uploads\/2018\/06\/Inpakken.v2.jpg","type":"image\/jpeg"}],"twitter_card":"summary_large_image","twitter_site":"@checkandpack","twitter_misc":{"Est. reading time":"8 minutes"},"schema":{"@context":"https:\/\/schema.org","@graph":[{"@type":"WebPage","@id":"https:\/\/checkandpack.com\/blog\/gesetzliche-anbieterkennung\/","url":"https:\/\/checkandpack.com\/blog\/gesetzliche-anbieterkennung\/","name":"Gesetzliche Anbieterkennung - CheckandPack.com","isPartOf":{"@id":"https:\/\/checkandpack.com\/blog\/#website"},"datePublished":"2019-06-18T07:46:28+00:00","dateModified":"2019-06-18T07:46:28+00:00","description":"hier finden Sie alle gesetzlichen Informationen rund um das Thema Impressum und Die Gesetzliche Anbieterkennung Check and Pack Urlaubs Gepackliste","breadcrumb":{"@id":"https:\/\/checkandpack.com\/blog\/gesetzliche-anbieterkennung\/#breadcrumb"},"inLanguage":"en-US","potentialAction":[{"@type":"ReadAction","target":["https:\/\/checkandpack.com\/blog\/gesetzliche-anbieterkennung\/"]}]},{"@type":"BreadcrumbList","@id":"https:\/\/checkandpack.com\/blog\/gesetzliche-anbieterkennung\/#breadcrumb","itemListElement":[{"@type":"ListItem","position":1,"name":"Home","item":"https:\/\/checkandpack.com\/blog\/"},{"@type":"ListItem","position":2,"name":"Gesetzliche Anbieterkennung"}]},{"@type":"WebSite","@id":"https:\/\/checkandpack.com\/blog\/#website","url":"https:\/\/checkandpack.com\/blog\/","name":"CheckandPack.com","description":"We help you with the preparation of your trip or vacation. With a sublime travel packinglists and tons of additional information. In 3 steps the ultimate Travel Packinglist","publisher":{"@id":"https:\/\/checkandpack.com\/blog\/#organization"},"potentialAction":[{"@type":"SearchAction","target":{"@type":"EntryPoint","urlTemplate":"https:\/\/checkandpack.com\/blog\/?s={search_term_string}"},"query-input":"required name=search_term_string"}],"inLanguage":"en-US"},{"@type":"Organization","@id":"https:\/\/checkandpack.com\/blog\/#organization","name":"CheckandPack B.V.","url":"https:\/\/checkandpack.com\/blog\/","sameAs":["https:\/\/www.linkedin.com\/company\/checkandpack\/","https:\/\/www.facebook.com\/checkandpack\/","https:\/\/twitter.com\/checkandpack"],"logo":{"@type":"ImageObject","inLanguage":"en-US","@id":"https:\/\/checkandpack.com\/blog\/#\/schema\/logo\/image\/","url":"https:\/\/checkandpack.nl\/wordpress\/wp-content\/uploads\/2018\/09\/Favicon-152x152-1.png","contentUrl":"https:\/\/checkandpack.nl\/wordpress\/wp-content\/uploads\/2018\/09\/Favicon-152x152-1.png","width":152,"height":152,"caption":"CheckandPack B.V."},"image":{"@id":"https:\/\/checkandpack.com\/blog\/#\/schema\/logo\/image\/"}}]}},"_links":{"self":[{"href":"https:\/\/checkandpack.com\/blog\/wp-json\/wp\/v2\/pages\/524"}],"collection":[{"href":"https:\/\/checkandpack.com\/blog\/wp-json\/wp\/v2\/pages"}],"about":[{"href":"https:\/\/checkandpack.com\/blog\/wp-json\/wp\/v2\/types\/page"}],"author":[{"embeddable":true,"href":"https:\/\/checkandpack.com\/blog\/wp-json\/wp\/v2\/users\/1"}],"replies":[{"embeddable":true,"href":"https:\/\/checkandpack.com\/blog\/wp-json\/wp\/v2\/comments?post=524"}],"version-history":[{"count":0,"href":"https:\/\/checkandpack.com\/blog\/wp-json\/wp\/v2\/pages\/524\/revisions"}],"wp:featuredmedia":[{"embeddable":true,"href":"https:\/\/checkandpack.com\/blog\/wp-json\/wp\/v2\/media\/376"}],"wp:attachment":[{"href":"https:\/\/checkandpack.com\/blog\/wp-json\/wp\/v2\/media?parent=524"}],"curies":[{"name":"wp","href":"https:\/\/api.w.org\/{rel}","templated":true}]}}